{"id":20647,"date":"2026-01-30T17:16:26","date_gmt":"2026-01-30T16:16:26","guid":{"rendered":"https:\/\/heimatliebe-jsphotography.de\/?page_id=20647"},"modified":"2026-02-13T23:28:27","modified_gmt":"2026-02-13T22:28:27","slug":"fasnet","status":"publish","type":"page","link":"https:\/\/heimatliebe-jsphotography.de\/?page_id=20647","title":{"rendered":"Fasnet"},"content":{"rendered":"\t\t<div data-elementor-type=\"wp-page\" data-elementor-id=\"20647\" class=\"elementor elementor-20647\" data-elementor-post-type=\"page\">\n\t\t\t\t<div class=\"elementor-element elementor-element-d80a6f2 e-flex e-con-boxed e-con e-parent\" data-id=\"d80a6f2\" data-element_type=\"container\" data-e-type=\"container\">\n\t\t\t\t\t<div class=\"e-con-inner\">\n\t\t\t\t<div class=\"elementor-element elementor-element-890eadb elementor-widget elementor-widget-heading\" data-id=\"890eadb\" data-element_type=\"widget\" data-e-type=\"widget\" data-widget_type=\"heading.default\">\n\t\t\t\t<div class=\"elementor-widget-container\">\n\t\t\t\t\t<h2 class=\"elementor-heading-title elementor-size-default\">Fasnet im Elztal - mehr als Erinnerungen an die Kindheit<\/h2>\t\t\t\t<\/div>\n\t\t\t\t<\/div>\n\t\t\t\t\t<\/div>\n\t\t\t\t<\/div>\n\t\t<div class=\"elementor-element elementor-element-37bfcb0 e-flex e-con-boxed e-con e-parent\" data-id=\"37bfcb0\" data-element_type=\"container\" data-e-type=\"container\">\n\t\t\t\t\t<div class=\"e-con-inner\">\n\t\t\t\t<div class=\"elementor-element elementor-element-4dd9bc6 elementor-widget-divider--view-line elementor-widget elementor-widget-divider\" data-id=\"4dd9bc6\" data-element_type=\"widget\" data-e-type=\"widget\" data-widget_type=\"divider.default\">\n\t\t\t\t<div class=\"elementor-widget-container\">\n\t\t\t\t\t\t\t<div class=\"elementor-divider\">\n\t\t\t<span class=\"elementor-divider-separator\">\n\t\t\t\t\t\t<\/span>\n\t\t<\/div>\n\t\t\t\t\t\t<\/div>\n\t\t\t\t<\/div>\n\t\t\t\t\t<\/div>\n\t\t\t\t<\/div>\n\t\t<div class=\"elementor-element elementor-element-42ef86d e-flex e-con-boxed e-con e-parent\" data-id=\"42ef86d\" data-element_type=\"container\" data-e-type=\"container\">\n\t\t\t\t\t<div class=\"e-con-inner\">\n\t\t\t\t<div class=\"elementor-element elementor-element-df4bf6b elementor-widget elementor-widget-image\" data-id=\"df4bf6b\" data-element_type=\"widget\" data-e-type=\"widget\" data-widget_type=\"image.default\">\n\t\t\t\t<div class=\"elementor-widget-container\">\n\t\t\t\t\t\t\t\t\t\t\t\t\t\t\t<img fetchpriority=\"high\" decoding=\"async\" width=\"2560\" height=\"1703\" src=\"https:\/\/heimatliebe-jsphotography.de\/wp-content\/uploads\/2026\/02\/Hemdglunker-2026-3-scaled.jpg\" class=\"attachment-full size-full wp-image-21243\" alt=\"\" srcset=\"https:\/\/heimatliebe-jsphotography.de\/wp-content\/uploads\/2026\/02\/Hemdglunker-2026-3-scaled.jpg 2560w, https:\/\/heimatliebe-jsphotography.de\/wp-content\/uploads\/2026\/02\/Hemdglunker-2026-3-300x200.jpg 300w, https:\/\/heimatliebe-jsphotography.de\/wp-content\/uploads\/2026\/02\/Hemdglunker-2026-3-1024x681.jpg 1024w, https:\/\/heimatliebe-jsphotography.de\/wp-content\/uploads\/2026\/02\/Hemdglunker-2026-3-768x511.jpg 768w, https:\/\/heimatliebe-jsphotography.de\/wp-content\/uploads\/2026\/02\/Hemdglunker-2026-3-1536x1022.jpg 1536w, https:\/\/heimatliebe-jsphotography.de\/wp-content\/uploads\/2026\/02\/Hemdglunker-2026-3-2048x1363.jpg 2048w\" sizes=\"(max-width: 2560px) 100vw, 2560px\" \/>\t\t\t\t\t\t\t\t\t\t\t\t\t\t\t<\/div>\n\t\t\t\t<\/div>\n\t\t\t\t\t<\/div>\n\t\t\t\t<\/div>\n\t\t<div class=\"elementor-element elementor-element-aa6e439 e-flex e-con-boxed e-con e-parent\" data-id=\"aa6e439\" data-element_type=\"container\" data-e-type=\"container\">\n\t\t\t\t\t<div class=\"e-con-inner\">\n\t\t\t\t<div class=\"elementor-element elementor-element-9f2c209 elementor-widget-divider--view-line elementor-widget elementor-widget-divider\" data-id=\"9f2c209\" data-element_type=\"widget\" data-e-type=\"widget\" data-widget_type=\"divider.default\">\n\t\t\t\t<div class=\"elementor-widget-container\">\n\t\t\t\t\t\t\t<div class=\"elementor-divider\">\n\t\t\t<span class=\"elementor-divider-separator\">\n\t\t\t\t\t\t<\/span>\n\t\t<\/div>\n\t\t\t\t\t\t<\/div>\n\t\t\t\t<\/div>\n\t\t\t\t\t<\/div>\n\t\t\t\t<\/div>\n\t\t<div class=\"elementor-element elementor-element-99c01b5 e-flex e-con-boxed e-con e-parent\" data-id=\"99c01b5\" data-element_type=\"container\" data-e-type=\"container\">\n\t\t\t\t\t<div class=\"e-con-inner\">\n\t\t\t\t<div class=\"elementor-element elementor-element-7880c7d elementor-widget elementor-widget-text-editor\" data-id=\"7880c7d\" data-element_type=\"widget\" data-e-type=\"widget\" data-widget_type=\"text-editor.default\">\n\t\t\t\t<div class=\"elementor-widget-container\">\n\t\t\t\t\t\t\t\t\t<p>Die Fasnet im Elztal ist mehr als ein Fest \u2013 sie ist gelebtes Brauchtum, weitergegeben von Generation zu Generation. Wenn in Waldkirch z.B. die Kandelhexen\u00a0 durch die Gassen ziehen wird Geschichte lebendig. Masken, Rufe und Rituale erz\u00e4hlen von alten Zeiten, von Gemeinschaft und tief verwurzelter Tradition. Zwischen Lachen und G\u00e4nsehautmomenten zeigt sich, was die Elzt\u00e4ler Fasnet ausmacht: ehrlich, rau, herzlich \u2013 und voller Seele.<\/p>\t\t\t\t\t\t\t\t<\/div>\n\t\t\t\t<\/div>\n\t\t\t\t\t<\/div>\n\t\t\t\t<\/div>\n\t\t\t\t<section class=\"elementor-section elementor-top-section elementor-element elementor-element-5e9c5c32 elementor-section-stretched elementor-section-boxed elementor-section-height-default elementor-section-height-default\" data-id=\"5e9c5c32\" data-element_type=\"section\" data-e-type=\"section\" data-settings=\"{&quot;stretch_section&quot;:&quot;section-stretched&quot;,&quot;background_background&quot;:&quot;classic&quot;}\">\n\t\t\t\t\t\t<div class=\"elementor-container elementor-column-gap-default\">\n\t\t\t\t\t<div class=\"elementor-column elementor-col-100 elementor-top-column elementor-element elementor-element-7c892a56\" data-id=\"7c892a56\" data-element_type=\"column\" data-e-type=\"column\">\n\t\t\t<div class=\"elementor-widget-wrap elementor-element-populated\">\n\t\t\t\t\t\t<div class=\"elementor-element elementor-element-7c1754fc elementor-align-center elementor-widget elementor-widget-button\" data-id=\"7c1754fc\" data-element_type=\"widget\" data-e-type=\"widget\" data-widget_type=\"button.default\">\n\t\t\t\t<div class=\"elementor-widget-container\">\n\t\t\t\t\t\t\t\t\t<div class=\"elementor-button-wrapper\">\n\t\t\t\t\t<a class=\"elementor-button elementor-button-link elementor-size-sm\" href=\"https:\/\/heimatliebe-jsphotography.de\/?page_id=20666\">\n\t\t\t\t\t\t<span class=\"elementor-button-content-wrapper\">\n\t\t\t\t\t\t\t\t\t<span class=\"elementor-button-text\">Kandelhexen Waldkirch<\/span>\n\t\t\t\t\t<\/span>\n\t\t\t\t\t<\/a>\n\t\t\t\t<\/div>\n\t\t\t\t\t\t\t\t<\/div>\n\t\t\t\t<\/div>\n\t\t\t\t<div class=\"elementor-element elementor-element-63550948 elementor-widget elementor-widget-image\" data-id=\"63550948\" data-element_type=\"widget\" data-e-type=\"widget\" data-widget_type=\"image.default\">\n\t\t\t\t<div class=\"elementor-widget-container\">\n\t\t\t\t\t\t\t\t\t\t\t\t\t\t\t<img decoding=\"async\" width=\"1536\" height=\"1022\" src=\"https:\/\/heimatliebe-jsphotography.de\/wp-content\/uploads\/2026\/01\/Hexensabbat-2025-2-1536x1022.jpg\" class=\"attachment-1536x1536 size-1536x1536 wp-image-20660\" alt=\"\" srcset=\"https:\/\/heimatliebe-jsphotography.de\/wp-content\/uploads\/2026\/01\/Hexensabbat-2025-2-1536x1022.jpg 1536w, https:\/\/heimatliebe-jsphotography.de\/wp-content\/uploads\/2026\/01\/Hexensabbat-2025-2-300x200.jpg 300w, https:\/\/heimatliebe-jsphotography.de\/wp-content\/uploads\/2026\/01\/Hexensabbat-2025-2-1024x681.jpg 1024w, https:\/\/heimatliebe-jsphotography.de\/wp-content\/uploads\/2026\/01\/Hexensabbat-2025-2-768x511.jpg 768w, https:\/\/heimatliebe-jsphotography.de\/wp-content\/uploads\/2026\/01\/Hexensabbat-2025-2-2048x1363.jpg 2048w\" sizes=\"(max-width: 1536px) 100vw, 1536px\" \/>\t\t\t\t\t\t\t\t\t\t\t\t\t\t\t<\/div>\n\t\t\t\t<\/div>\n\t\t\t\t\t<\/div>\n\t\t<\/div>\n\t\t\t\t\t<\/div>\n\t\t<\/section>\n\t\t\t\t<\/div>\n\t\t","protected":false},"excerpt":{"rendered":"<p>Fasnet im Elztal &#8211; mehr als Erinnerungen an die Kindheit Die Fasnet im Elztal ist mehr als ein Fest \u2013 sie ist gelebtes Brauchtum, weitergegeben von Generation zu Generation. Wenn in Waldkirch z.B. die Kandelhexen\u00a0 durch die Gassen ziehen wird Geschichte lebendig. Masken, Rufe und &hellip; <a href=\"https:\/\/heimatliebe-jsphotography.de\/?page_id=20647\" class=\"more-link\"><span>Continue reading<span class=\"screen-reader-text\">Fasnet<\/span><\/span><\/a><\/p>\n","protected":false},"author":1,"featured_media":0,"parent":0,"menu_order":0,"comment_status":"closed","ping_status":"closed","template":"elementor_header_footer","meta":{"footnotes":""},"class_list":["post-20647","page","type-page","status-publish","hentry"],"_links":{"self":[{"href":"https:\/\/heimatliebe-jsphotography.de\/index.php?rest_route=\/wp\/v2\/pages\/20647","targetHints":{"allow":["GET"]}}],"collection":[{"href":"https:\/\/heimatliebe-jsphotography.de\/index.php?rest_route=\/wp\/v2\/pages"}],"about":[{"href":"https:\/\/heimatliebe-jsphotography.de\/index.php?rest_route=\/wp\/v2\/types\/page"}],"author":[{"embeddable":true,"href":"https:\/\/heimatliebe-jsphotography.de\/index.php?rest_route=\/wp\/v2\/users\/1"}],"replies":[{"embeddable":true,"href":"https:\/\/heimatliebe-jsphotography.de\/index.php?rest_route=%2Fwp%2Fv2%2Fcomments&post=20647"}],"version-history":[{"count":10,"href":"https:\/\/heimatliebe-jsphotography.de\/index.php?rest_route=\/wp\/v2\/pages\/20647\/revisions"}],"predecessor-version":[{"id":21255,"href":"https:\/\/heimatliebe-jsphotography.de\/index.php?rest_route=\/wp\/v2\/pages\/20647\/revisions\/21255"}],"wp:attachment":[{"href":"https:\/\/heimatliebe-jsphotography.de\/index.php?rest_route=%2Fwp%2Fv2%2Fmedia&parent=20647"}],"curies":[{"name":"wp","href":"https:\/\/api.w.org\/{rel}","templated":true}]}}