{"id":14846,"date":"2025-06-15T13:53:28","date_gmt":"2025-06-15T11:53:28","guid":{"rendered":"https:\/\/heimatliebe-jsphotography.de\/?page_id=14846"},"modified":"2026-02-08T16:19:31","modified_gmt":"2026-02-08T15:19:31","slug":"verlassene-orte-in-frankreich","status":"publish","type":"page","link":"https:\/\/heimatliebe-jsphotography.de\/?page_id=14846","title":{"rendered":"Verlassene Orte in Frankreich"},"content":{"rendered":"\t\t<div data-elementor-type=\"wp-page\" data-elementor-id=\"14846\" class=\"elementor elementor-14846\" data-elementor-post-type=\"page\">\n\t\t\t\t<div class=\"elementor-element elementor-element-90a88d8 e-flex e-con-boxed e-con e-parent\" data-id=\"90a88d8\" data-element_type=\"container\" data-e-type=\"container\">\n\t\t\t\t\t<div class=\"e-con-inner\">\n\t\t\t\t<div class=\"elementor-element elementor-element-3d3ab21 elementor-widget elementor-widget-image\" data-id=\"3d3ab21\" data-element_type=\"widget\" data-e-type=\"widget\" data-widget_type=\"image.default\">\n\t\t\t\t<div class=\"elementor-widget-container\">\n\t\t\t\t\t\t\t\t\t\t\t\t\t\t\t<img fetchpriority=\"high\" decoding=\"async\" width=\"756\" height=\"503\" src=\"https:\/\/heimatliebe-jsphotography.de\/wp-content\/uploads\/2025\/06\/Villa-T-1-768x511.jpg\" class=\"attachment-medium_large size-medium_large wp-image-14696\" alt=\"\" srcset=\"https:\/\/heimatliebe-jsphotography.de\/wp-content\/uploads\/2025\/06\/Villa-T-1-768x511.jpg 768w, https:\/\/heimatliebe-jsphotography.de\/wp-content\/uploads\/2025\/06\/Villa-T-1-300x200.jpg 300w, https:\/\/heimatliebe-jsphotography.de\/wp-content\/uploads\/2025\/06\/Villa-T-1-1024x682.jpg 1024w, https:\/\/heimatliebe-jsphotography.de\/wp-content\/uploads\/2025\/06\/Villa-T-1-1536x1022.jpg 1536w, https:\/\/heimatliebe-jsphotography.de\/wp-content\/uploads\/2025\/06\/Villa-T-1.jpg 2048w\" sizes=\"(max-width: 756px) 100vw, 756px\" \/>\t\t\t\t\t\t\t\t\t\t\t\t\t\t\t<\/div>\n\t\t\t\t<\/div>\n\t\t\t\t\t<\/div>\n\t\t\t\t<\/div>\n\t\t<div class=\"elementor-element elementor-element-fbc6810 e-flex e-con-boxed e-con e-parent\" data-id=\"fbc6810\" data-element_type=\"container\" data-e-type=\"container\">\n\t\t\t\t\t<div class=\"e-con-inner\">\n\t\t\t\t<div class=\"elementor-element elementor-element-d781a9d elementor-widget-divider--view-line elementor-widget elementor-widget-divider\" data-id=\"d781a9d\" data-element_type=\"widget\" data-e-type=\"widget\" data-widget_type=\"divider.default\">\n\t\t\t\t<div class=\"elementor-widget-container\">\n\t\t\t\t\t\t\t<div class=\"elementor-divider\">\n\t\t\t<span class=\"elementor-divider-separator\">\n\t\t\t\t\t\t<\/span>\n\t\t<\/div>\n\t\t\t\t\t\t<\/div>\n\t\t\t\t<\/div>\n\t\t\t\t\t<\/div>\n\t\t\t\t<\/div>\n\t\t<div class=\"elementor-element elementor-element-bbe9884 e-flex e-con-boxed e-con e-parent\" data-id=\"bbe9884\" data-element_type=\"container\" data-e-type=\"container\">\n\t\t\t\t\t<div class=\"e-con-inner\">\n\t\t\t\t<div class=\"elementor-element elementor-element-2b1ecaf elementor-widget elementor-widget-text-editor\" data-id=\"2b1ecaf\" data-element_type=\"widget\" data-e-type=\"widget\" data-widget_type=\"text-editor.default\">\n\t\t\t\t<div class=\"elementor-widget-container\">\n\t\t\t\t\t\t\t\t\t<p data-start=\"242\" data-end=\"533\">Frankreichs verlassene Orte erz\u00e4hlen Geschichten, die l\u00e4ngst im Schatten der Zeit versunken sind. Hinter efeu\u00fcberwucherten Mauern, zerfallenen Decken und stillgelegten Maschinen verbergen sich stille Zeugen einer Vergangenheit, die zugleich majest\u00e4tisch, geheimnisvoll und melancholisch ist.<\/p><p data-start=\"535\" data-end=\"852\">Besonders die alten Ch\u00e2teaus \u2013 einst prachtvolle Anwesen des Adels \u2013 wirken wie eingefroren in einer anderen Welt. Staubige Salons, schwere Samtvorh\u00e4nge, verblasste Tapeten und vergessene M\u00f6belst\u00fccke lassen erahnen, wie lebendig diese Orte einst waren. Jeder Raum tr\u00e4gt eine eigene Aura, zwischen Eleganz und Verfall.<\/p><p data-start=\"854\" data-end=\"1238\">Daneben liegen verstreut in der franz\u00f6sischen Provinz unz\u00e4hlige verlassene Maisons \u2013 kleine Herrenh\u00e4user und Landvillen, oft von der Natur zur\u00fcckerobert. Manche wirken wie pl\u00f6tzlich verlassen, mit gedeckten Tischen oder noch gemachten Betten, als h\u00e4tte die Zeit einfach angehalten. Es ist diese Intimit\u00e4t, diese N\u00e4he zum fr\u00fcheren Leben, die diesen Orten eine besondere Tiefe verleiht.<\/p><p data-start=\"1240\" data-end=\"1584\">Auch alte Fabriken und Industriebauten \u2013 von Textilwerken bis zu verlassenen Glash\u00fctten \u2013 erz\u00e4hlen von harter Arbeit, wirtschaftlichem Aufschwung und pl\u00f6tzlichem Niedergang. Zwischen rostenden Maschinen, zerbrochenen Fenstern und verstaubten Produktionshallen lassen sich Spuren des industriellen Erbes entdecken \u2013 kraftvoll, roh und archaisch.<\/p><p data-start=\"1586\" data-end=\"1820\">Meine fotografische Reise durch diese Lost Places in Frankreich ist eine stille Hommage an das Vergangene. Ich dokumentiere, was bald ganz verschwunden sein k\u00f6nnte \u2013 mit Respekt, Neugier und einem Blick f\u00fcr das Besondere im Verfall.<\/p>\t\t\t\t\t\t\t\t<\/div>\n\t\t\t\t<\/div>\n\t\t\t\t\t<\/div>\n\t\t\t\t<\/div>\n\t\t<div class=\"elementor-element elementor-element-11a5e62 e-flex e-con-boxed e-con e-parent\" data-id=\"11a5e62\" data-element_type=\"container\" data-e-type=\"container\">\n\t\t\t\t\t<div class=\"e-con-inner\">\n\t\t\t\t<div class=\"elementor-element elementor-element-d528c4e elementor-widget-divider--view-line elementor-widget elementor-widget-divider\" data-id=\"d528c4e\" data-element_type=\"widget\" data-e-type=\"widget\" data-widget_type=\"divider.default\">\n\t\t\t\t<div class=\"elementor-widget-container\">\n\t\t\t\t\t\t\t<div class=\"elementor-divider\">\n\t\t\t<span class=\"elementor-divider-separator\">\n\t\t\t\t\t\t<\/span>\n\t\t<\/div>\n\t\t\t\t\t\t<\/div>\n\t\t\t\t<\/div>\n\t\t\t\t\t<\/div>\n\t\t\t\t<\/div>\n\t\t\t\t<section class=\"elementor-section elementor-top-section elementor-element elementor-element-16ad381a elementor-section-stretched elementor-section-boxed elementor-section-height-default elementor-section-height-default\" data-id=\"16ad381a\" data-element_type=\"section\" data-e-type=\"section\" data-settings=\"{&quot;stretch_section&quot;:&quot;section-stretched&quot;,&quot;background_background&quot;:&quot;classic&quot;}\">\n\t\t\t\t\t\t<div class=\"elementor-container elementor-column-gap-default\">\n\t\t\t\t\t<div class=\"elementor-column elementor-col-33 elementor-top-column elementor-element elementor-element-704929e9\" data-id=\"704929e9\" data-element_type=\"column\" data-e-type=\"column\">\n\t\t\t<div class=\"elementor-widget-wrap elementor-element-populated\">\n\t\t\t\t\t\t<div class=\"elementor-element elementor-element-555211d7 elementor-widget elementor-widget-image\" data-id=\"555211d7\" data-element_type=\"widget\" data-e-type=\"widget\" data-widget_type=\"image.default\">\n\t\t\t\t<div class=\"elementor-widget-container\">\n\t\t\t\t\t\t\t\t\t\t\t\t\t\t\t<img decoding=\"async\" width=\"756\" height=\"504\" src=\"https:\/\/heimatliebe-jsphotography.de\/wp-content\/uploads\/2025\/06\/Villa-T-55-1024x682.jpg\" class=\"attachment-large size-large wp-image-14854\" alt=\"\" srcset=\"https:\/\/heimatliebe-jsphotography.de\/wp-content\/uploads\/2025\/06\/Villa-T-55-1024x682.jpg 1024w, https:\/\/heimatliebe-jsphotography.de\/wp-content\/uploads\/2025\/06\/Villa-T-55-300x200.jpg 300w, https:\/\/heimatliebe-jsphotography.de\/wp-content\/uploads\/2025\/06\/Villa-T-55-768x511.jpg 768w, https:\/\/heimatliebe-jsphotography.de\/wp-content\/uploads\/2025\/06\/Villa-T-55-1536x1022.jpg 1536w, https:\/\/heimatliebe-jsphotography.de\/wp-content\/uploads\/2025\/06\/Villa-T-55.jpg 2048w\" sizes=\"(max-width: 756px) 100vw, 756px\" \/>\t\t\t\t\t\t\t\t\t\t\t\t\t\t\t<\/div>\n\t\t\t\t<\/div>\n\t\t\t\t<div class=\"elementor-element elementor-element-26677a7f elementor-align-center elementor-widget elementor-widget-button\" data-id=\"26677a7f\" data-element_type=\"widget\" data-e-type=\"widget\" data-widget_type=\"button.default\">\n\t\t\t\t<div class=\"elementor-widget-container\">\n\t\t\t\t\t\t\t\t\t<div class=\"elementor-button-wrapper\">\n\t\t\t\t\t<a class=\"elementor-button elementor-button-link elementor-size-sm\" href=\"https:\/\/heimatliebe-jsphotography.de\/?page_id=14863\">\n\t\t\t\t\t\t<span class=\"elementor-button-content-wrapper\">\n\t\t\t\t\t\t\t\t\t<span class=\"elementor-button-text\">Chateau\u00b4s   &amp; Maison\u00b4s<\/span>\n\t\t\t\t\t<\/span>\n\t\t\t\t\t<\/a>\n\t\t\t\t<\/div>\n\t\t\t\t\t\t\t\t<\/div>\n\t\t\t\t<\/div>\n\t\t\t\t\t<\/div>\n\t\t<\/div>\n\t\t\t\t<div class=\"elementor-column elementor-col-33 elementor-top-column elementor-element elementor-element-69f0bb8f\" data-id=\"69f0bb8f\" data-element_type=\"column\" data-e-type=\"column\">\n\t\t\t<div class=\"elementor-widget-wrap elementor-element-populated\">\n\t\t\t\t\t\t<div class=\"elementor-element elementor-element-5969ca09 elementor-widget elementor-widget-image\" data-id=\"5969ca09\" data-element_type=\"widget\" data-e-type=\"widget\" data-widget_type=\"image.default\">\n\t\t\t\t<div class=\"elementor-widget-container\">\n\t\t\t\t\t\t\t\t\t\t\t\t\t\t\t<img decoding=\"async\" width=\"756\" height=\"504\" src=\"https:\/\/heimatliebe-jsphotography.de\/wp-content\/uploads\/2025\/06\/Das-Grand-Hotel-in-den-Vogesen-5.jpg\" class=\"attachment-large size-large wp-image-16088\" alt=\"\" srcset=\"https:\/\/heimatliebe-jsphotography.de\/wp-content\/uploads\/2025\/06\/Das-Grand-Hotel-in-den-Vogesen-5.jpg 1000w, https:\/\/heimatliebe-jsphotography.de\/wp-content\/uploads\/2025\/06\/Das-Grand-Hotel-in-den-Vogesen-5-300x200.jpg 300w, https:\/\/heimatliebe-jsphotography.de\/wp-content\/uploads\/2025\/06\/Das-Grand-Hotel-in-den-Vogesen-5-768x512.jpg 768w\" sizes=\"(max-width: 756px) 100vw, 756px\" \/>\t\t\t\t\t\t\t\t\t\t\t\t\t\t\t<\/div>\n\t\t\t\t<\/div>\n\t\t\t\t<div class=\"elementor-element elementor-element-34ae04c5 elementor-align-center elementor-widget elementor-widget-button\" data-id=\"34ae04c5\" data-element_type=\"widget\" data-e-type=\"widget\" data-widget_type=\"button.default\">\n\t\t\t\t<div class=\"elementor-widget-container\">\n\t\t\t\t\t\t\t\t\t<div class=\"elementor-button-wrapper\">\n\t\t\t\t\t<a class=\"elementor-button elementor-button-link elementor-size-sm\" href=\"https:\/\/heimatliebe-jsphotography.de\/?page_id=16089\">\n\t\t\t\t\t\t<span class=\"elementor-button-content-wrapper\">\n\t\t\t\t\t\t\t\t\t<span class=\"elementor-button-text\">Gastst\u00e4tten &amp;  Hotels<\/span>\n\t\t\t\t\t<\/span>\n\t\t\t\t\t<\/a>\n\t\t\t\t<\/div>\n\t\t\t\t\t\t\t\t<\/div>\n\t\t\t\t<\/div>\n\t\t\t\t\t<\/div>\n\t\t<\/div>\n\t\t\t\t<div class=\"elementor-column elementor-col-33 elementor-top-column elementor-element elementor-element-479a3993\" data-id=\"479a3993\" data-element_type=\"column\" data-e-type=\"column\">\n\t\t\t<div class=\"elementor-widget-wrap elementor-element-populated\">\n\t\t\t\t\t\t<div class=\"elementor-element elementor-element-75d2fe2f elementor-widget elementor-widget-image\" data-id=\"75d2fe2f\" data-element_type=\"widget\" data-e-type=\"widget\" data-widget_type=\"image.default\">\n\t\t\t\t<div class=\"elementor-widget-container\">\n\t\t\t\t\t\t\t\t\t\t\t\t\t\t\t<img loading=\"lazy\" decoding=\"async\" width=\"756\" height=\"504\" src=\"https:\/\/heimatliebe-jsphotography.de\/wp-content\/uploads\/2025\/06\/Puit-Simon-255-1024x682.jpg\" class=\"attachment-large size-large wp-image-16623\" alt=\"\" srcset=\"https:\/\/heimatliebe-jsphotography.de\/wp-content\/uploads\/2025\/06\/Puit-Simon-255-1024x682.jpg 1024w, https:\/\/heimatliebe-jsphotography.de\/wp-content\/uploads\/2025\/06\/Puit-Simon-255-300x200.jpg 300w, https:\/\/heimatliebe-jsphotography.de\/wp-content\/uploads\/2025\/06\/Puit-Simon-255-768x511.jpg 768w, https:\/\/heimatliebe-jsphotography.de\/wp-content\/uploads\/2025\/06\/Puit-Simon-255-1536x1022.jpg 1536w, https:\/\/heimatliebe-jsphotography.de\/wp-content\/uploads\/2025\/06\/Puit-Simon-255.jpg 2048w\" sizes=\"(max-width: 756px) 100vw, 756px\" \/>\t\t\t\t\t\t\t\t\t\t\t\t\t\t\t<\/div>\n\t\t\t\t<\/div>\n\t\t\t\t<div class=\"elementor-element elementor-element-39f6deec elementor-align-center elementor-widget elementor-widget-button\" data-id=\"39f6deec\" data-element_type=\"widget\" data-e-type=\"widget\" data-widget_type=\"button.default\">\n\t\t\t\t<div class=\"elementor-widget-container\">\n\t\t\t\t\t\t\t\t\t<div class=\"elementor-button-wrapper\">\n\t\t\t\t\t<a class=\"elementor-button elementor-button-link elementor-size-sm\" href=\"https:\/\/heimatliebe-jsphotography.de\/?page_id=16570\">\n\t\t\t\t\t\t<span class=\"elementor-button-content-wrapper\">\n\t\t\t\t\t\t\t\t\t<span class=\"elementor-button-text\">Industrie &amp; Handwerk<\/span>\n\t\t\t\t\t<\/span>\n\t\t\t\t\t<\/a>\n\t\t\t\t<\/div>\n\t\t\t\t\t\t\t\t<\/div>\n\t\t\t\t<\/div>\n\t\t\t\t\t<\/div>\n\t\t<\/div>\n\t\t\t\t\t<\/div>\n\t\t<\/section>\n\t\t\t\t<section class=\"elementor-section elementor-top-section elementor-element elementor-element-a36ad5c elementor-section-stretched elementor-section-boxed elementor-section-height-default elementor-section-height-default\" data-id=\"a36ad5c\" data-element_type=\"section\" data-e-type=\"section\" data-settings=\"{&quot;stretch_section&quot;:&quot;section-stretched&quot;,&quot;background_background&quot;:&quot;classic&quot;}\">\n\t\t\t\t\t\t<div class=\"elementor-container elementor-column-gap-default\">\n\t\t\t\t\t<div class=\"elementor-column elementor-col-33 elementor-top-column elementor-element elementor-element-0dcf024\" data-id=\"0dcf024\" data-element_type=\"column\" data-e-type=\"column\">\n\t\t\t<div class=\"elementor-widget-wrap elementor-element-populated\">\n\t\t\t\t\t\t<div class=\"elementor-element elementor-element-e33fc97 elementor-widget elementor-widget-image\" data-id=\"e33fc97\" data-element_type=\"widget\" data-e-type=\"widget\" data-widget_type=\"image.default\">\n\t\t\t\t<div class=\"elementor-widget-container\">\n\t\t\t\t\t\t\t\t\t\t\t\t\t\t\t<img loading=\"lazy\" decoding=\"async\" width=\"756\" height=\"504\" src=\"https:\/\/heimatliebe-jsphotography.de\/wp-content\/uploads\/2025\/06\/Die-Kurklinik-in-den-Vogesen-10.jpg\" class=\"attachment-large size-large wp-image-17138\" alt=\"\" srcset=\"https:\/\/heimatliebe-jsphotography.de\/wp-content\/uploads\/2025\/06\/Die-Kurklinik-in-den-Vogesen-10.jpg 1000w, https:\/\/heimatliebe-jsphotography.de\/wp-content\/uploads\/2025\/06\/Die-Kurklinik-in-den-Vogesen-10-300x200.jpg 300w, https:\/\/heimatliebe-jsphotography.de\/wp-content\/uploads\/2025\/06\/Die-Kurklinik-in-den-Vogesen-10-768x512.jpg 768w\" sizes=\"(max-width: 756px) 100vw, 756px\" \/>\t\t\t\t\t\t\t\t\t\t\t\t\t\t\t<\/div>\n\t\t\t\t<\/div>\n\t\t\t\t<div class=\"elementor-element elementor-element-f810ffc elementor-align-center elementor-widget elementor-widget-button\" data-id=\"f810ffc\" data-element_type=\"widget\" data-e-type=\"widget\" data-widget_type=\"button.default\">\n\t\t\t\t<div class=\"elementor-widget-container\">\n\t\t\t\t\t\t\t\t\t<div class=\"elementor-button-wrapper\">\n\t\t\t\t\t<a class=\"elementor-button elementor-button-link elementor-size-sm\" href=\"https:\/\/heimatliebe-jsphotography.de\/?page_id=17152\">\n\t\t\t\t\t\t<span class=\"elementor-button-content-wrapper\">\n\t\t\t\t\t\t\t\t\t<span class=\"elementor-button-text\">Gesundheitswesen<\/span>\n\t\t\t\t\t<\/span>\n\t\t\t\t\t<\/a>\n\t\t\t\t<\/div>\n\t\t\t\t\t\t\t\t<\/div>\n\t\t\t\t<\/div>\n\t\t\t\t\t<\/div>\n\t\t<\/div>\n\t\t\t\t<div class=\"elementor-column elementor-col-33 elementor-top-column elementor-element elementor-element-cd0170f\" data-id=\"cd0170f\" data-element_type=\"column\" data-e-type=\"column\">\n\t\t\t<div class=\"elementor-widget-wrap elementor-element-populated\">\n\t\t\t\t\t\t<div class=\"elementor-element elementor-element-fb85602 elementor-widget elementor-widget-image\" data-id=\"fb85602\" data-element_type=\"widget\" data-e-type=\"widget\" data-widget_type=\"image.default\">\n\t\t\t\t<div class=\"elementor-widget-container\">\n\t\t\t\t\t\t\t\t\t\t\t\t\t\t\t<img loading=\"lazy\" decoding=\"async\" width=\"756\" height=\"504\" src=\"https:\/\/heimatliebe-jsphotography.de\/wp-content\/uploads\/2025\/06\/Fort-de-Mutzig-11-1024x682.jpg\" class=\"attachment-large size-large wp-image-16721\" alt=\"\" srcset=\"https:\/\/heimatliebe-jsphotography.de\/wp-content\/uploads\/2025\/06\/Fort-de-Mutzig-11-1024x682.jpg 1024w, https:\/\/heimatliebe-jsphotography.de\/wp-content\/uploads\/2025\/06\/Fort-de-Mutzig-11-300x200.jpg 300w, https:\/\/heimatliebe-jsphotography.de\/wp-content\/uploads\/2025\/06\/Fort-de-Mutzig-11-768x511.jpg 768w, https:\/\/heimatliebe-jsphotography.de\/wp-content\/uploads\/2025\/06\/Fort-de-Mutzig-11-1536x1022.jpg 1536w, https:\/\/heimatliebe-jsphotography.de\/wp-content\/uploads\/2025\/06\/Fort-de-Mutzig-11.jpg 2048w\" sizes=\"(max-width: 756px) 100vw, 756px\" \/>\t\t\t\t\t\t\t\t\t\t\t\t\t\t\t<\/div>\n\t\t\t\t<\/div>\n\t\t\t\t<div class=\"elementor-element elementor-element-e612b61 elementor-align-center elementor-widget elementor-widget-button\" data-id=\"e612b61\" data-element_type=\"widget\" data-e-type=\"widget\" data-widget_type=\"button.default\">\n\t\t\t\t<div class=\"elementor-widget-container\">\n\t\t\t\t\t\t\t\t\t<div class=\"elementor-button-wrapper\">\n\t\t\t\t\t<a class=\"elementor-button elementor-button-link elementor-size-sm\" href=\"https:\/\/heimatliebe-jsphotography.de\/?page_id=16806\">\n\t\t\t\t\t\t<span class=\"elementor-button-content-wrapper\">\n\t\t\t\t\t\t\t\t\t<span class=\"elementor-button-text\">Milit\u00e4r<\/span>\n\t\t\t\t\t<\/span>\n\t\t\t\t\t<\/a>\n\t\t\t\t<\/div>\n\t\t\t\t\t\t\t\t<\/div>\n\t\t\t\t<\/div>\n\t\t\t\t\t<\/div>\n\t\t<\/div>\n\t\t\t\t<div class=\"elementor-column elementor-col-33 elementor-top-column elementor-element elementor-element-dcc632c\" data-id=\"dcc632c\" data-element_type=\"column\" data-e-type=\"column\">\n\t\t\t<div class=\"elementor-widget-wrap elementor-element-populated\">\n\t\t\t\t\t\t<div class=\"elementor-element elementor-element-f2943a0 elementor-widget elementor-widget-image\" data-id=\"f2943a0\" data-element_type=\"widget\" data-e-type=\"widget\" data-widget_type=\"image.default\">\n\t\t\t\t<div class=\"elementor-widget-container\">\n\t\t\t\t\t\t\t\t\t\t\t\t\t\t\t<img loading=\"lazy\" decoding=\"async\" width=\"756\" height=\"504\" src=\"https:\/\/heimatliebe-jsphotography.de\/wp-content\/uploads\/2025\/06\/Hangar-Mouse-20-1024x682.jpg\" class=\"attachment-large size-large wp-image-16385\" alt=\"\" srcset=\"https:\/\/heimatliebe-jsphotography.de\/wp-content\/uploads\/2025\/06\/Hangar-Mouse-20-1024x682.jpg 1024w, https:\/\/heimatliebe-jsphotography.de\/wp-content\/uploads\/2025\/06\/Hangar-Mouse-20-300x200.jpg 300w, https:\/\/heimatliebe-jsphotography.de\/wp-content\/uploads\/2025\/06\/Hangar-Mouse-20-768x511.jpg 768w, https:\/\/heimatliebe-jsphotography.de\/wp-content\/uploads\/2025\/06\/Hangar-Mouse-20-1536x1022.jpg 1536w, https:\/\/heimatliebe-jsphotography.de\/wp-content\/uploads\/2025\/06\/Hangar-Mouse-20.jpg 2048w\" sizes=\"(max-width: 756px) 100vw, 756px\" \/>\t\t\t\t\t\t\t\t\t\t\t\t\t\t\t<\/div>\n\t\t\t\t<\/div>\n\t\t\t\t<div class=\"elementor-element elementor-element-b074f4b elementor-align-center elementor-widget elementor-widget-button\" data-id=\"b074f4b\" data-element_type=\"widget\" data-e-type=\"widget\" data-widget_type=\"button.default\">\n\t\t\t\t<div class=\"elementor-widget-container\">\n\t\t\t\t\t\t\t\t\t<div class=\"elementor-button-wrapper\">\n\t\t\t\t\t<a class=\"elementor-button elementor-button-link elementor-size-sm\" href=\"https:\/\/heimatliebe-jsphotography.de\/?page_id=16393\">\n\t\t\t\t\t\t<span class=\"elementor-button-content-wrapper\">\n\t\t\t\t\t\t\t\t\t<span class=\"elementor-button-text\">Sonstiges<\/span>\n\t\t\t\t\t<\/span>\n\t\t\t\t\t<\/a>\n\t\t\t\t<\/div>\n\t\t\t\t\t\t\t\t<\/div>\n\t\t\t\t<\/div>\n\t\t\t\t\t<\/div>\n\t\t<\/div>\n\t\t\t\t\t<\/div>\n\t\t<\/section>\n\t\t\t\t<\/div>\n\t\t","protected":false},"excerpt":{"rendered":"<p>Frankreichs verlassene Orte erz\u00e4hlen Geschichten, die l\u00e4ngst im Schatten der Zeit versunken sind. Hinter efeu\u00fcberwucherten Mauern, zerfallenen Decken und stillgelegten Maschinen verbergen sich stille Zeugen einer Vergangenheit, die zugleich majest\u00e4tisch, geheimnisvoll und melancholisch ist. Besonders die alten Ch\u00e2teaus \u2013 einst prachtvolle Anwesen des Adels \u2013 &hellip; <a href=\"https:\/\/heimatliebe-jsphotography.de\/?page_id=14846\" class=\"more-link\"><span>Continue reading<span class=\"screen-reader-text\">Verlassene Orte in Frankreich<\/span><\/span><\/a><\/p>\n","protected":false},"author":1,"featured_media":0,"parent":0,"menu_order":0,"comment_status":"closed","ping_status":"closed","template":"elementor_header_footer","meta":{"footnotes":""},"class_list":["post-14846","page","type-page","status-publish","hentry"],"_links":{"self":[{"href":"https:\/\/heimatliebe-jsphotography.de\/index.php?rest_route=\/wp\/v2\/pages\/14846","targetHints":{"allow":["GET"]}}],"collection":[{"href":"https:\/\/heimatliebe-jsphotography.de\/index.php?rest_route=\/wp\/v2\/pages"}],"about":[{"href":"https:\/\/heimatliebe-jsphotography.de\/index.php?rest_route=\/wp\/v2\/types\/page"}],"author":[{"embeddable":true,"href":"https:\/\/heimatliebe-jsphotography.de\/index.php?rest_route=\/wp\/v2\/users\/1"}],"replies":[{"embeddable":true,"href":"https:\/\/heimatliebe-jsphotography.de\/index.php?rest_route=%2Fwp%2Fv2%2Fcomments&post=14846"}],"version-history":[{"count":11,"href":"https:\/\/heimatliebe-jsphotography.de\/index.php?rest_route=\/wp\/v2\/pages\/14846\/revisions"}],"predecessor-version":[{"id":21425,"href":"https:\/\/heimatliebe-jsphotography.de\/index.php?rest_route=\/wp\/v2\/pages\/14846\/revisions\/21425"}],"wp:attachment":[{"href":"https:\/\/heimatliebe-jsphotography.de\/index.php?rest_route=%2Fwp%2Fv2%2Fmedia&parent=14846"}],"curies":[{"name":"wp","href":"https:\/\/api.w.org\/{rel}","templated":true}]}}